{"id":50,"date":"2018-01-02T12:29:04","date_gmt":"2018-01-02T11:29:04","guid":{"rendered":"http:\/\/schwachverstand.at\/?page_id=50"},"modified":"2018-01-02T13:03:14","modified_gmt":"2018-01-02T12:03:14","slug":"innendaemmungen","status":"publish","type":"page","link":"https:\/\/schwachverstand.at\/index.php\/innendaemmungen\/","title":{"rendered":"Innend\u00e4mmungen"},"content":{"rendered":"<p>\u00d6rtliche Innend\u00e4mmung an einer Betondecke???<br \/>\nMikrobieller Befall durch Schimmelpilze ist vorprogrammiert. Hier wurde der Verstand bei den Sanierungsarbeiten ausgeschaltet.<\/p>\n<p>Es steht die Sanierung von der Sanierung ins Haus.<\/p>\n<p><a href=\"https:\/\/schwachverstand.at\/wp-content\/uploads\/2018\/01\/K-Silikatplatten-falsch.pdf\">Innend\u00e4mmung und die Realit\u00e4t<\/a><\/p>\n","protected":false},"excerpt":{"rendered":"<p>\u00d6rtliche Innend\u00e4mmung an einer Betondecke??? Mikrobieller Befall durch Schimmelpilze ist vorprogrammiert. Hier wurde der Verstand bei den Sanierungsarbeiten ausgeschaltet. Es steht die Sanierung von der Sanierung ins Haus. Innend\u00e4mmung und die Realit\u00e4t<\/p>\n","protected":false},"author":2,"featured_media":57,"parent":0,"menu_order":0,"comment_status":"closed","ping_status":"closed","template":"","meta":[],"_links":{"self":[{"href":"https:\/\/schwachverstand.at\/index.php\/wp-json\/wp\/v2\/pages\/50"}],"collection":[{"href":"https:\/\/schwachverstand.at\/index.php\/wp-json\/wp\/v2\/pages"}],"about":[{"href":"https:\/\/schwachverstand.at\/index.php\/wp-json\/wp\/v2\/types\/page"}],"author":[{"embeddable":true,"href":"https:\/\/schwachverstand.at\/index.php\/wp-json\/wp\/v2\/users\/2"}],"replies":[{"embeddable":true,"href":"https:\/\/schwachverstand.at\/index.php\/wp-json\/wp\/v2\/comments?post=50"}],"version-history":[{"count":3,"href":"https:\/\/schwachverstand.at\/index.php\/wp-json\/wp\/v2\/pages\/50\/revisions"}],"predecessor-version":[{"id":59,"href":"https:\/\/schwachverstand.at\/index.php\/wp-json\/wp\/v2\/pages\/50\/revisions\/59"}],"wp:featuredmedia":[{"embeddable":true,"href":"https:\/\/schwachverstand.at\/index.php\/wp-json\/wp\/v2\/media\/57"}],"wp:attachment":[{"href":"https:\/\/schwachverstand.at\/index.php\/wp-json\/wp\/v2\/media?parent=50"}],"curies":[{"name":"wp","href":"https:\/\/api.w.org\/{rel}","templated":true}]}}